{"id":2,"date":"2021-04-22T23:25:41","date_gmt":"2021-04-23T02:25:41","guid":{"rendered":"http:\/\/ernestomunck.com.br\/?page_id=2"},"modified":"2025-05-24T13:33:08","modified_gmt":"2025-05-24T16:33:08","slug":"servicos_de_munck","status":"publish","type":"page","link":"https:\/\/ernestomunck.com.br\/","title":{"rendered":"Servi\u00e7os de Munck"},"content":{"rendered":"\r\n<div class=\"alignnormal\"><div id=\"metaslider-id-54\" style=\"width: 100%;\" class=\"ml-slider-3-98-0 metaslider metaslider-flex metaslider-54 ml-slider img{border-radius: 10px;} ms-theme-default nav-hidden\" role=\"region\" aria-roledescription=\"Slideshow\" aria-label=\"New Slideshow\" data-width=\"800\">\n    <div id=\"metaslider_container_54\">\n        <div id=\"metaslider_54\">\n            <ul class='slides'>\n                <li style=\"display: block; width: 100%;\" class=\"slide-299 ms-image \" aria-roledescription=\"slide\" aria-label=\"slide-299\" data-date=\"2021-10-04 08:44:09\"><a href=\"tel:64992920515\" target=\"_self\" aria-label=\"View Slide Details\" class=\"metaslider_image_link\"><img loading=\"lazy\" decoding=\"async\" src=\"https:\/\/i2.wp.com\/ernestomunck.com.br\/wp-content\/uploads\/2026\/04\/Ernesto-Munck-24-horas-oferta-especial.png?resize=800%2C300&#038;ssl=1\" height=\"300\" width=\"800\" alt=\"caminhao munck caminhao munk caminh\u00e3o guindaste caminh\u00e3o munck comprar caminh\u00e3o munck ernesto guincho 24 horas itumbiara guincho itumbiara telefone guindaste\" class=\"slider-54 slide-299\" title=\"Ernesto-Munck-24-horas-oferta-especial-caminhao-munck-caminhao-munk-caminh\u00e3o-guindaste-caminh\u00e3o-munck-comprar-caminh\u00e3o-munck-ernesto-guincho-24-horas-itumbiara-guincho-itumbiara-telefone-guindaste\" data-recalc-dims=\"1\" \/><\/a><\/li>\n                <li style=\"display: none; width: 100%;\" class=\"slide-57 ms-image \" aria-roledescription=\"slide\" aria-label=\"slide-57\" data-date=\"2021-05-15 16:47:23\"><a href=\"tel:64992920515\" target=\"_self\" aria-label=\"View Slide Details\" class=\"metaslider_image_link\"><img loading=\"lazy\" decoding=\"async\" src=\"https:\/\/i1.wp.com\/ernestomunck.com.br\/wp-content\/uploads\/2021\/05\/Ernesto-Munck-24-horas-goiatuba-bom-jesus-itumbiara-arapora-centralina-canapolis-goias-minas-gerais.png?resize=800%2C300&#038;ssl=1\" height=\"300\" width=\"800\" alt=\"Ernesto Munck - Munck 24 horas para Goiatuba, Bom Jesus, Itumbiara, Arapor\u00e3, Centralina e Can\u00e1polis\" class=\"slider-54 slide-57\" title=\"Ernesto-Munck-24-horas-goiatuba-bom-jesus-itumbiara-arapora-centralina-canapolis-goias-minas-gerais\" data-recalc-dims=\"1\" \/><\/a><\/li>\n            <\/ul>\n        <\/div>\n        \n    <\/div>\n<\/div><\/div>\r\n\r\n\r\n\r\n<p>&nbsp;<\/p>\r\n\r\n<p><img loading=\"lazy\" decoding=\"async\" class=\"alignnone wp-image-330 size-full\" src=\"https:\/\/i1.wp.com\/ernestomunck.com.br\/wp-content\/uploads\/2022\/02\/Ernesto-Munck-24-horas-clientes-1.png?resize=950%2C356&#038;ssl=1\" alt=\"\" width=\"950\" height=\"356\" srcset=\"https:\/\/i1.wp.com\/ernestomunck.com.br\/wp-content\/uploads\/2022\/02\/Ernesto-Munck-24-horas-clientes-1.png?w=950&amp;ssl=1 950w, https:\/\/i1.wp.com\/ernestomunck.com.br\/wp-content\/uploads\/2022\/02\/Ernesto-Munck-24-horas-clientes-1.png?resize=300%2C112&amp;ssl=1 300w, https:\/\/i1.wp.com\/ernestomunck.com.br\/wp-content\/uploads\/2022\/02\/Ernesto-Munck-24-horas-clientes-1.png?resize=768%2C288&amp;ssl=1 768w, https:\/\/i1.wp.com\/ernestomunck.com.br\/wp-content\/uploads\/2022\/02\/Ernesto-Munck-24-horas-clientes-1.png?resize=160%2C60&amp;ssl=1 160w\" sizes=\"auto, (max-width: 950px) 100vw, 950px\" data-recalc-dims=\"1\" \/><\/p>\r\n\r\n<p>A Ernesto &amp; Silva Servi\u00e7os \u00e9 uma empresa que est\u00e1 no mercado h\u00e1 mais de 4 anos, atuando no ramo de i\u00e7amento, transporte de cargas e servi\u00e7os de munck em geral. Contamos com um caminh\u00e3o munck, guindaste pr\u00f3prio e uma equipe de profissionais qualificados e preparados para atender suas necessidades.<\/p>\r\n\r\n\r\n<hr class=\"wp-block-separator has-css-opacity\" \/>\r\n\r\n\r\n<p><strong>Somos uma empresa de servi\u00e7os de munck que atua 24 horas por dia.<\/strong><\/p>\r\n\r\n\r\n<div class=\"wp-block-image size-large\">\r\n<figure class=\"alignleft size-full is-resized\"><img loading=\"lazy\" decoding=\"async\" width=\"800\" height=\"357\" class=\"wp-image-338\" style=\"width: 540px; height: auto;\" src=\"https:\/\/i0.wp.com\/ernestomunck.com.br\/wp-content\/uploads\/2025\/05\/caminhoes-ernesto_munck.png?resize=800%2C357&#038;ssl=1\" alt=\"\" srcset=\"https:\/\/i0.wp.com\/ernestomunck.com.br\/wp-content\/uploads\/2025\/05\/caminhoes-ernesto_munck.png?w=800&amp;ssl=1 800w, https:\/\/i0.wp.com\/ernestomunck.com.br\/wp-content\/uploads\/2025\/05\/caminhoes-ernesto_munck.png?resize=300%2C134&amp;ssl=1 300w, https:\/\/i0.wp.com\/ernestomunck.com.br\/wp-content\/uploads\/2025\/05\/caminhoes-ernesto_munck.png?resize=768%2C343&amp;ssl=1 768w, https:\/\/i0.wp.com\/ernestomunck.com.br\/wp-content\/uploads\/2025\/05\/caminhoes-ernesto_munck.png?resize=134%2C60&amp;ssl=1 134w\" sizes=\"auto, (max-width: 800px) 100vw, 800px\" data-recalc-dims=\"1\" \/><\/figure>\r\n<\/div>\r\n\r\n\r\n<p><a name=\"servicos\"><\/a><\/p>\r\n\r\n\r\n\r\n<p><br \/>Fazemos atendimento de munck, guindaste para Itumbiara e regi\u00f5es.<\/p>\r\n\r\n\r\n\r\n<p>Estamos localizados em Itumbiara-Goi\u00e1s, cidade escolhida por ser um ponto estrat\u00e9gico de atendimento Sul Goiano e Tri\u00e2ngulo Mineiro, com esse planejamento conseguimos atender os munic\u00edpios mais pr\u00f3ximos, facilitando a rapidez e a seguran\u00e7a da presta\u00e7\u00e3o do servi\u00e7os de munck.<\/p>\r\n\r\n\r\n<hr class=\"wp-block-separator has-css-opacity\" \/>\r\n\r\n\r\n<p>Atendemos clientes para servi\u00e7os de munck, guindaste em todos os segmentos, dentre elas:<\/p>\r\n\r\n\r\n\r\n<p>ind\u00fastrias em geral, constru\u00e7\u00e3o civil, entretenimento, prefeituras, institui\u00e7\u00f5es de ensino e com\u00e9rcio em geral, etc.<\/p>\r\n\r\n\r\n\r\n<p>Tamb\u00e9m prestamos servi\u00e7os para pessoas f\u00edsicas. Se voc\u00ea precisar de nossos servi\u00e7os para necessidades pessoais, entre em contato que n\u00f3s tamb\u00e9m lhe ajudaremos.<\/p>\r\n\r\n\r\n<hr class=\"wp-block-separator has-css-opacity\" \/>\r\n\r\n\r\n<p class=\"has-text-align-center\"><span style=\"font-size: 18pt;\"><strong>Voc\u00ea pode contar com a Ernesto &amp; Silva Servi\u00e7os n\u00e3o s\u00f3 para atender,<br \/>mas exceder todas as suas necessidades e solicita\u00e7\u00f5es.<\/strong><\/span><\/p>\r\n\r\n\r\n\r\n<p><a name=\"atendimento\"><\/a><\/p>\r\n\r\n\r\n\r\n<p class=\"has-text-align-center\">Ernesto Munck, conhe\u00e7a a melhor refer\u00eancia de qualidade em servi\u00e7os de munck.<\/p>\r\n\r\n\r\n\r\n\r\n\r\n<p class=\"has-text-align-center\">\u00a0<\/p>\r\n\r\n\r\n\r\n<p class=\"has-text-align-center\">Entre em Contato Conosco em diversos Canais:<a name=\"contato\"><\/a><\/p>\r\n\r\n\r\n<div class=\"wp-block-image\">\r\n<figure class=\"aligncenter size-large\"><a href=\"tel:64992920515\"><img loading=\"lazy\" decoding=\"async\" width=\"250\" height=\"43\" class=\"wp-image-233\" src=\"https:\/\/i2.wp.com\/ernestomunck.com.br\/wp-content\/uploads\/2021\/06\/munck-itumbiara-goiatuba-bom-jesus-arapora-centralina-canapolis-telefone.png?resize=250%2C43&#038;ssl=1\" alt=\"\" data-recalc-dims=\"1\" \/><\/a><\/figure>\r\n<\/div>\r\n<\/br>\r\n<div class=\"wp-block-image\">\r\n<figure class=\"aligncenter\"><a href=\"https:\/\/www.instagram.com\/ernestoesilvaservicos\/\"><img loading=\"lazy\" decoding=\"async\" width=\"250\" height=\"43\" class=\"wp-image-206\" src=\"https:\/\/i0.wp.com\/ernestomunck.com.br\/wp-content\/uploads\/2021\/05\/munck-itumbiara-goiatuba-bom-jesus-arapora-centralina-canapolis-instagram-1.png?resize=250%2C43&#038;ssl=1\" alt=\"Ernesto Munck Instagram - Caminh\u00e3o Guindaste\" data-recalc-dims=\"1\" \/><\/a><\/figure>\r\n<\/div>\r\n<\/br>\r\n<div class=\"wp-block-image\">\r\n<figure class=\"aligncenter\"><a href=\"mailto:contato@ernestomunck.com.br\"><img loading=\"lazy\" decoding=\"async\" width=\"250\" height=\"43\" class=\"wp-image-235\" src=\"https:\/\/i2.wp.com\/ernestomunck.com.br\/wp-content\/uploads\/2021\/06\/munck-itumbiara-goiatuba-bom-jesus-arapora-centralina-canapolis-contato@ernestomunck.png?resize=250%2C43&#038;ssl=1\" alt=\"Ernesto munck e-mail - Caminh\u00e3o Guindaste\" data-recalc-dims=\"1\" \/><\/a><\/figure>\r\n<\/div>\r\n<\/br>\r\n<div class=\"wp-block-image\">\r\n<figure class=\"aligncenter\"><a href=\"https:\/\/www.google.com.br\/search?ved=1t:65428&amp;hl=pt-BR&amp;_ga=2.229995100.131048302.1621382076-2146256386.1621101527&amp;q=Ernesto+e+Silva+servi%C3%A7os&amp;ludocid=7912793198895004959&amp;lsig=AB86z5XrvH31F8KGFBC_dGhiP7y-#fpstate=lie\"><img loading=\"lazy\" decoding=\"async\" width=\"250\" height=\"43\" class=\"wp-image-207\" src=\"https:\/\/i1.wp.com\/ernestomunck.com.br\/wp-content\/uploads\/2021\/05\/munck-itumbiara-goiatuba-bom-jesus-arapora-centralina-canapolis-google.png?resize=250%2C43&#038;ssl=1\" alt=\"Ernesto Munck Google - Caminh\u00e3o Guindaste\" data-recalc-dims=\"1\" \/><\/a><\/figure>\r\n<\/div>\r\n<\/br>\r\n<div class=\"wp-block-image\">\r\n<figure class=\"aligncenter\"><a href=\"https:\/\/www.facebook.com\/ernestoesilvaservicos\"><img loading=\"lazy\" decoding=\"async\" width=\"250\" height=\"43\" class=\"wp-image-205\" src=\"https:\/\/i2.wp.com\/ernestomunck.com.br\/wp-content\/uploads\/2021\/05\/munck-itumbiara-goiatuba-bom-jesus-arapora-centralina-canapolis-facebook-1.png?resize=250%2C43&#038;ssl=1\" alt=\"Ernesto Munck facebook - Caminh\u00e3o Guindaste\" data-recalc-dims=\"1\" \/><\/a><\/figure>\r\n<\/div>\r\n\r\n\r\n<p class=\"has-normal-font-size\">\u00a0<\/p>\r\n\r\n\r\n\r\n<p style=\"font-size: 3px;\"><span style=\"color: #ffffff;\"><a style=\"color: #ffffff;\" href=\"tel:64992920515\">Tel.: 64 9.9292-0515<\/a>; Munck 24 Horas; Munck Itumbiara; Munck Goiatuba; Munck Bom Jesus; Munck Arapor\u00e3; Munck Centralina; Munck Can\u00e1polis; Muncks para Itumbiara e Regi\u00e3o; Caminh\u00e3o Guindaste 24 Horas; Caminh\u00e3o Guindaste Bom Jesus; Caminh\u00e3o Guindaste Arapor\u00e3; Caminh\u00e3o Guindaste para Itumbiara e Regi\u00e3o; caminhao munck; caminhao munk; caminh\u00e3o guindaste; caminh\u00e3o munck; comprar caminh\u00e3o munck; ernesto; guincho 24 horas itumbiara; guincho em itumbiara; guincho itumbiara telefone; guindaste; guincho itumbiara telefone; Munk 24 Horas; Munk Itumbiara; Munk Goiatuba; Munk Bom Jesus; Munk Arapor\u00e3; Munk; caminhao munk; caminh\u00e3o munk; comprar caminh\u00e3o munk.<\/span><\/p>\r\n","protected":false},"excerpt":{"rendered":"<p>Ernesto Munck parti\u00e7\u00e3o da Ernesto &#038; Silva Servi\u00e7os uma empresa no ramo de i\u00e7amento, transporte de cargas e servi\u00e7os de munck em geral.<\/p>\n","protected":false},"author":1,"featured_media":0,"parent":0,"menu_order":0,"comment_status":"closed","ping_status":"open","template":"","meta":{"spay_email":"","footnotes":""},"yst_prominent_words":[],"class_list":["post-2","page","type-page","status-publish","hentry"],"_links":{"self":[{"href":"https:\/\/ernestomunck.com.br\/index.php\/wp-json\/wp\/v2\/pages\/2","targetHints":{"allow":["GET"]}}],"collection":[{"href":"https:\/\/ernestomunck.com.br\/index.php\/wp-json\/wp\/v2\/pages"}],"about":[{"href":"https:\/\/ernestomunck.com.br\/index.php\/wp-json\/wp\/v2\/types\/page"}],"author":[{"embeddable":true,"href":"https:\/\/ernestomunck.com.br\/index.php\/wp-json\/wp\/v2\/users\/1"}],"replies":[{"embeddable":true,"href":"https:\/\/ernestomunck.com.br\/index.php\/wp-json\/wp\/v2\/comments?post=2"}],"version-history":[{"count":100,"href":"https:\/\/ernestomunck.com.br\/index.php\/wp-json\/wp\/v2\/pages\/2\/revisions"}],"predecessor-version":[{"id":349,"href":"https:\/\/ernestomunck.com.br\/index.php\/wp-json\/wp\/v2\/pages\/2\/revisions\/349"}],"wp:attachment":[{"href":"https:\/\/ernestomunck.com.br\/index.php\/wp-json\/wp\/v2\/media?parent=2"}],"wp:term":[{"taxonomy":"yst_prominent_words","embeddable":true,"href":"https:\/\/ernestomunck.com.br\/index.php\/wp-json\/wp\/v2\/yst_prominent_words?post=2"}],"curies":[{"name":"wp","href":"https:\/\/api.w.org\/{rel}","templated":true}]}}